{"id":25838,"date":"2025-09-07T22:17:21","date_gmt":"2025-09-08T01:17:21","guid":{"rendered":"https:\/\/site-wp.mlabs.com.br\/?page_id=25838"},"modified":"2026-02-25T23:49:25","modified_gmt":"2026-02-26T02:49:25","slug":"accesibilidad","status":"publish","type":"page","link":"https:\/\/www.mlabs.io\/es\/accesibilidad","title":{"rendered":"Accesibilidad"},"content":{"rendered":"\t\t<div data-elementor-type=\"wp-page\" data-elementor-id=\"25838\" class=\"elementor elementor-25838\" data-elementor-post-type=\"page\">\n\t\t\t\t<div class=\"elementor-element elementor-element-6ec1094 e-flex e-con-boxed e-con e-parent\" data-id=\"6ec1094\" data-element_type=\"container\" data-e-type=\"container\">\n\t\t\t\t\t<div class=\"e-con-inner\">\n\t\t\t\t<div class=\"elementor-element elementor-element-4da7a51 elementor-widget elementor-widget-heading\" data-id=\"4da7a51\" data-element_type=\"widget\" data-e-type=\"widget\" data-widget_type=\"heading.default\">\n\t\t\t\t\t<h1 class=\"elementor-heading-title elementor-size-default\">Accesibilidad<\/h1>\t\t\t\t<\/div>\n\t\t\t\t\t<\/div>\n\t\t\t\t<\/div>\n\t\t<div class=\"elementor-element elementor-element-0a26384 e-flex e-con-boxed e-con e-parent\" data-id=\"0a26384\" data-element_type=\"container\" data-e-type=\"container\">\n\t\t\t\t\t<div class=\"e-con-inner\">\n\t\t<div class=\"elementor-element elementor-element-3e7153a e-con-full e-flex e-con e-child\" data-id=\"3e7153a\" data-element_type=\"container\" data-e-type=\"container\">\n\t\t\t\t<div class=\"elementor-element elementor-element-3993dba elementor-widget elementor-widget-heading\" data-id=\"3993dba\" data-element_type=\"widget\" data-e-type=\"widget\" data-widget_type=\"heading.default\">\n\t\t\t\t\t<p class=\"elementor-heading-title elementor-size-default\"><a href=\"https:\/\/www.mlabs.io\/es\">Home<\/a><\/p>\t\t\t\t<\/div>\n\t\t\t\t<div class=\"elementor-element elementor-element-a02d174 elementor-widget elementor-widget-heading\" data-id=\"a02d174\" data-element_type=\"widget\" data-e-type=\"widget\" data-widget_type=\"heading.default\">\n\t\t\t\t\t<p class=\"elementor-heading-title elementor-size-default\">&gt;<\/p>\t\t\t\t<\/div>\n\t\t\t\t<div class=\"elementor-element elementor-element-631301f elementor-widget elementor-widget-heading\" data-id=\"631301f\" data-element_type=\"widget\" data-e-type=\"widget\" data-widget_type=\"heading.default\">\n\t\t\t\t\t<h2 class=\"elementor-heading-title elementor-size-default\">Accesibilidad<\/h2>\t\t\t\t<\/div>\n\t\t\t\t<\/div>\n\t\t\t\t<div class=\"elementor-element elementor-element-f09cc66 elementor-widget elementor-widget-heading\" data-id=\"f09cc66\" data-element_type=\"widget\" data-e-type=\"widget\" data-widget_type=\"heading.default\">\n\t\t\t\t\t<h2 class=\"elementor-heading-title elementor-size-default\">Nos preocupamos por la accesibilidad.<\/h2>\t\t\t\t<\/div>\n\t\t\t\t<div class=\"elementor-element elementor-element-856e41f elementor-widget elementor-widget-text-editor\" data-id=\"856e41f\" data-element_type=\"widget\" data-e-type=\"widget\" data-widget_type=\"text-editor.default\">\n\t\t\t\t\t\t\t\t\t<p>mLabs quiere ser para todos; por eso nos preocupamos por la accesibilidad de quienes necesitan alg\u00fan tipo de ayuda para navegar.<\/p>\t\t\t\t\t\t\t\t<\/div>\n\t\t\t\t<div class=\"elementor-element elementor-element-1d3704a elementor-widget elementor-widget-heading\" data-id=\"1d3704a\" data-element_type=\"widget\" data-e-type=\"widget\" data-widget_type=\"heading.default\">\n\t\t\t\t\t<h2 class=\"elementor-heading-title elementor-size-default\">Teclas de acceso directo<\/h2>\t\t\t\t<\/div>\n\t\t\t\t<div class=\"elementor-element elementor-element-965f221 elementor-widget elementor-widget-text-editor\" data-id=\"965f221\" data-element_type=\"widget\" data-e-type=\"widget\" data-widget_type=\"text-editor.default\">\n\t\t\t\t\t\t\t\t\t<p>Utilice las teclas de acceso r\u00e1pido que se enumeran a continuaci\u00f3n para acceder m\u00e1s f\u00e1cilmente a determinadas secciones del sitio. Para utilizarlas, solo necesita conocer la combinaci\u00f3n de teclas de acceso r\u00e1pido de su navegador. Por ejemplo, en Chrome e Internet Explorer basta con presionar la tecla Alt; en Firefox, las teclas Alt y Shift, seguidas de la tecla de atajo definida en la lista a continuaci\u00f3n.<\/p>\t\t\t\t\t\t\t\t<\/div>\n\t\t\t\t<div class=\"elementor-element elementor-element-32503e2 elementor-widget elementor-widget-text-editor\" data-id=\"32503e2\" data-element_type=\"widget\" data-e-type=\"widget\" data-widget_type=\"text-editor.default\">\n\t\t\t\t\t\t\t\t\t<p><strong>L<\/strong> \u2013 Inicio de sesi\u00f3n<br data-start=\"1883\" data-end=\"1886\" \/><strong>H<\/strong> \u2013 P\u00e1gina de inicio<br data-start=\"1906\" data-end=\"1909\" \/><strong>T<\/strong> \u2013 Inscribirse para una prueba gratuita<\/p>\t\t\t\t\t\t\t\t<\/div>\n\t\t\t\t<div class=\"elementor-element elementor-element-6d407e9 elementor-widget elementor-widget-heading\" data-id=\"6d407e9\" data-element_type=\"widget\" data-e-type=\"widget\" data-widget_type=\"heading.default\">\n\t\t\t\t\t<h2 class=\"elementor-heading-title elementor-size-default\">Recomendaciones<\/h2>\t\t\t\t<\/div>\n\t\t\t\t<div class=\"elementor-element elementor-element-4b0eb7c elementor-widget elementor-widget-text-editor\" data-id=\"4b0eb7c\" data-element_type=\"widget\" data-e-type=\"widget\" data-widget_type=\"text-editor.default\">\n\t\t\t\t\t\t\t\t\t<p data-start=\"1951\" data-end=\"2252\">Para las personas con dificultades visuales, recomendamos el uso de extensiones del propio navegador para ampliar el tama\u00f1o de la fuente o ajustar el contraste de la p\u00e1gina. Por ejemplo, en Chrome basta con presionar Ctrl junto con la tecla + o \u2013 para ampliar o reducir el texto.<\/p><p data-start=\"2254\" data-end=\"2442\">Para las personas con dificultad para visualizar contrastes, recomendamos extensiones como <strong><span style=\"text-decoration: underline;\"><span style=\"color: #0000ff;\"><a style=\"color: #0000ff; text-decoration: underline;\" href=\"https:\/\/chromewebstore.google.com\/detail\/high-contrast\/djcfdncoelnlbldjfhinnjlhdjlikmph?hl=en-US\" target=\"_blank\" rel=\"noopener\">High Contrast<\/a><\/span><\/span> <\/strong>para Google Chrome, existiendo opciones similares para todos los dem\u00e1s navegadores.<\/p><p data-start=\"2444\" data-end=\"2626\">Estas t\u00e9cnicas y herramientas ayudan a su navegaci\u00f3n no solo en nuestro sitio, sino tambi\u00e9n en toda la internet, ayudando en general a personas con alg\u00fan tipo de discapacidad visual.<\/p>\t\t\t\t\t\t\t\t<\/div>\n\t\t\t\t\t<\/div>\n\t\t\t\t<\/div>\n\t\t\t\t<\/div>\n\t\t","protected":false},"excerpt":{"rendered":"<p>Accesibilidad Home &gt; Accesibilidad Nos preocupamos por la accesibilidad. mLabs quiere ser para todos; por eso nos preocupamos por la accesibilidad de quienes necesitan alg\u00fan tipo de ayuda para navegar. Teclas de acceso directo Utilice las teclas de acceso r\u00e1pido que se enumeran a continuaci\u00f3n para acceder m\u00e1s f\u00e1cilmente a determinadas secciones del sitio. Para [&hellip;]<\/p>\n","protected":false},"author":11,"featured_media":29975,"parent":0,"menu_order":0,"comment_status":"closed","ping_status":"closed","template":"","meta":{"_acf_changed":false,"footnotes":""},"class_list":["post-25838","page","type-page","status-publish","has-post-thumbnail","hentry"],"acf":[],"lang":"es","translations":{"es":25838,"en":25829,"pt-br":1809},"_links":{"self":[{"href":"https:\/\/www.mlabs.io\/es\/wp-json\/wp\/v2\/pages\/25838","targetHints":{"allow":["GET"]}}],"collection":[{"href":"https:\/\/www.mlabs.io\/es\/wp-json\/wp\/v2\/pages"}],"about":[{"href":"https:\/\/www.mlabs.io\/es\/wp-json\/wp\/v2\/types\/page"}],"author":[{"embeddable":true,"href":"https:\/\/www.mlabs.io\/es\/wp-json\/wp\/v2\/users\/11"}],"replies":[{"embeddable":true,"href":"https:\/\/www.mlabs.io\/es\/wp-json\/wp\/v2\/comments?post=25838"}],"version-history":[{"count":5,"href":"https:\/\/www.mlabs.io\/es\/wp-json\/wp\/v2\/pages\/25838\/revisions"}],"predecessor-version":[{"id":674254,"href":"https:\/\/www.mlabs.io\/es\/wp-json\/wp\/v2\/pages\/25838\/revisions\/674254"}],"wp:featuredmedia":[{"embeddable":true,"href":"https:\/\/www.mlabs.io\/es\/wp-json\/wp\/v2\/media\/29975"}],"wp:attachment":[{"href":"https:\/\/www.mlabs.io\/es\/wp-json\/wp\/v2\/media?parent=25838"}],"curies":[{"name":"wp","href":"https:\/\/api.w.org\/{rel}","templated":true}]}}